{"id":1654,"date":"2022-10-26T14:13:12","date_gmt":"2022-10-26T14:13:12","guid":{"rendered":"http:\/\/www.denisekuperman.art.br\/website\/?page_id=1654"},"modified":"2024-09-03T17:31:16","modified_gmt":"2024-09-03T17:31:16","slug":"bio","status":"publish","type":"page","link":"http:\/\/www.denisekuperman.art.br\/website\/bio\/","title":{"rendered":"Bio"},"content":{"rendered":"<p><a href=\"http:\/\/www.denisekuperman.art.br\/website\/wp-content\/uploads\/2022\/10\/eu7.jpg\"><img loading=\"lazy\" decoding=\"async\" class=\"alignnone size-full wp-image-1841\" src=\"http:\/\/www.denisekuperman.art.br\/website\/wp-content\/uploads\/2022\/10\/eu7.jpg\" alt=\"eu7\" width=\"400\" height=\"300\" srcset=\"http:\/\/www.denisekuperman.art.br\/website\/wp-content\/uploads\/2022\/10\/eu7.jpg 400w, http:\/\/www.denisekuperman.art.br\/website\/wp-content\/uploads\/2022\/10\/eu7-300x225.jpg 300w, http:\/\/www.denisekuperman.art.br\/website\/wp-content\/uploads\/2022\/10\/eu7-100x75.jpg 100w\" sizes=\"(max-width: 400px) 100vw, 400px\" \/><\/a><\/p>\n<p style=\"text-align: justify;\">Denise, a fashion graduate from Universidade Anhembi-Morumbi, transitioned into graphic design, contributing her skills to various studios in S\u00e3o Paulo, Brazil, before venturing into freelancing in 2007. Fueled by a lifelong passion for illustration, she naturally gravitated towards surface design, making it the focal point of her professional journey.<\/p>\n<p style=\"text-align: justify;\">Denise earned her Master&#8217;s degree in Contemporary Editorial and Typographical Practices from Belas Artes faculty, Universidade de Lisboa (Lisbon, Portugal), in 2019. Her thesis delved into the use of artivism as a potent tool for challenging gender stereotypes.<\/p>\n<p style=\"text-align: justify;\">Inspired by this academic exploration, Denise gave life to the feminist fanzine NOIZ. From 2017 to 2019, four impactful editions were distributed freely throughout Lisbon, embodying her commitment to breaking societal norms.<\/p>\n<hr \/>\n<p style=\"text-align: justify;\"><em>Formada em Moda pela Universidade Anhembi-Morumbi, Denise transicionou para o design gr\u00e1fico, trabalhando em diversos est\u00fadios de design em S\u00e3o Paulo, Brasil, e tornando-se freelancer em 2007. <\/em><\/p>\n<p style=\"text-align: justify;\"><em>Impulsionada por sua paix\u00e3o pela ilustra\u00e7\u00e3o, voltou-se para o design de superf\u00edcie, tornando-o o ponto focal de sua jornada profissional.<br \/>\n<\/em><\/p>\n<p style=\"text-align: justify;\"><em>Concluiu seu mestrado em Pr\u00e1ticas Tipogr\u00e1ficas e Editoriais Contempor\u00e2neas, pela Faculdade de Belas Artes da Universidade de Lisboa (Lisboa, Portugal) em 2019. Sua disserta\u00e7\u00e3o analisa o uso do artivismo como uma ferramenta para questionar estere\u00f3tipos de g\u00eanero.<\/em><\/p>\n<p style=\"text-align: justify;\"><em>Inspirada por essa explora\u00e7\u00e3o acad\u00eamica, Denise deu vida ao fanzine feminista NOIZ. De 2017 a 2019, quatro edi\u00e7\u00f5es impactantes foram distribu\u00eddas gratuitamente por toda Lisboa, incorporando seu compromisso em quebrar normas sociais.<\/em><\/p>\n","protected":false},"excerpt":{"rendered":"<p>Denise, a fashion graduate from Universidade Anhembi-Morumbi, transitioned into graphic design, contributing her skills to various studios in S\u00e3o Paulo,&#8230;<\/p>\n","protected":false},"author":1,"featured_media":0,"parent":0,"menu_order":0,"comment_status":"closed","ping_status":"closed","template":"","meta":{"footnotes":""},"_links":{"self":[{"href":"http:\/\/www.denisekuperman.art.br\/website\/wp-json\/wp\/v2\/pages\/1654"}],"collection":[{"href":"http:\/\/www.denisekuperman.art.br\/website\/wp-json\/wp\/v2\/pages"}],"about":[{"href":"http:\/\/www.denisekuperman.art.br\/website\/wp-json\/wp\/v2\/types\/page"}],"author":[{"embeddable":true,"href":"http:\/\/www.denisekuperman.art.br\/website\/wp-json\/wp\/v2\/users\/1"}],"replies":[{"embeddable":true,"href":"http:\/\/www.denisekuperman.art.br\/website\/wp-json\/wp\/v2\/comments?post=1654"}],"version-history":[{"count":12,"href":"http:\/\/www.denisekuperman.art.br\/website\/wp-json\/wp\/v2\/pages\/1654\/revisions"}],"predecessor-version":[{"id":2205,"href":"http:\/\/www.denisekuperman.art.br\/website\/wp-json\/wp\/v2\/pages\/1654\/revisions\/2205"}],"wp:attachment":[{"href":"http:\/\/www.denisekuperman.art.br\/website\/wp-json\/wp\/v2\/media?parent=1654"}],"curies":[{"name":"wp","href":"https:\/\/api.w.org\/{rel}","templated":true}]}}